{"id":20700,"date":"2025-04-29T23:48:07","date_gmt":"2025-04-29T21:48:07","guid":{"rendered":"https:\/\/simic-company.hr\/?page_id=20700"},"modified":"2025-04-29T23:48:07","modified_gmt":"2025-04-29T21:48:07","slug":"ambalaze-i-sitni-iventar","status":"publish","type":"page","link":"https:\/\/simic-company.hr\/en\/ambalaze-i-sitni-iventar\/","title":{"rendered":"Ambala\u017ee i sitni iventar"},"content":{"rendered":"","protected":false},"excerpt":{"rendered":"","protected":false},"author":3,"featured_media":0,"parent":0,"menu_order":0,"comment_status":"closed","ping_status":"closed","template":"","meta":{"_gspb_post_css":"","_themeisle_gutenberg_block_has_review":false,"footnotes":""},"class_list":["post-20700","page","type-page","status-publish","hentry"],"yoast_head":"<!-- This site is optimized with the Yoast SEO plugin v27.4 - https:\/\/yoast.com\/product\/yoast-seo-wordpress\/ -->\n<title>Ambala\u017ee i sitni iventar - \u0160imi\u0107 Company<\/title>\n<meta name=\"robots\" content=\"index, follow, max-snippet:-1, max-image-preview:large, max-video-preview:-1\" \/>\n<link rel=\"canonical\" href=\"https:\/\/simic-company.hr\/en\/ambalaze-i-sitni-iventar\/\" \/>\n<meta property=\"og:locale\" content=\"en_GB\" \/>\n<meta property=\"og:type\" content=\"article\" \/>\n<meta property=\"og:title\" content=\"Ambala\u017ee i sitni iventar - \u0160imi\u0107 Company\" \/>\n<meta property=\"og:url\" content=\"https:\/\/simic-company.hr\/en\/ambalaze-i-sitni-iventar\/\" \/>\n<meta property=\"og:site_name\" content=\"\u0160imi\u0107 Company\" \/>\n<meta name=\"twitter:card\" content=\"summary_large_image\" \/>\n<script type=\"application\/ld+json\" class=\"yoast-schema-graph\">{\"@context\":\"https:\\\/\\\/schema.org\",\"@graph\":[{\"@type\":\"WebPage\",\"@id\":\"https:\\\/\\\/simic-company.hr\\\/ambalaze-i-sitni-iventar\\\/\",\"url\":\"https:\\\/\\\/simic-company.hr\\\/ambalaze-i-sitni-iventar\\\/\",\"name\":\"Ambala\u017ee i sitni iventar - \u0160imi\u0107 Company\",\"isPartOf\":{\"@id\":\"https:\\\/\\\/simic-company.hr\\\/en\\\/#website\"},\"datePublished\":\"2025-04-29T21:48:07+00:00\",\"breadcrumb\":{\"@id\":\"https:\\\/\\\/simic-company.hr\\\/ambalaze-i-sitni-iventar\\\/#breadcrumb\"},\"inLanguage\":\"en-GB\",\"potentialAction\":[{\"@type\":\"ReadAction\",\"target\":[\"https:\\\/\\\/simic-company.hr\\\/ambalaze-i-sitni-iventar\\\/\"]}]},{\"@type\":\"BreadcrumbList\",\"@id\":\"https:\\\/\\\/simic-company.hr\\\/ambalaze-i-sitni-iventar\\\/#breadcrumb\",\"itemListElement\":[{\"@type\":\"ListItem\",\"position\":1,\"name\":\"Po\u010detna stranica\",\"item\":\"https:\\\/\\\/simic-company.hr\\\/\"},{\"@type\":\"ListItem\",\"position\":2,\"name\":\"Ambala\u017ee i sitni iventar\"}]},{\"@type\":\"WebSite\",\"@id\":\"https:\\\/\\\/simic-company.hr\\\/en\\\/#website\",\"url\":\"https:\\\/\\\/simic-company.hr\\\/en\\\/\",\"name\":\"\u0160imi\u0107 Company\",\"description\":\"Specijalizirani za distribuciju prehrambenih sirovina i gotovih proizvoda za ugostiteljstvo, slasti\u010darstvo i pekarstvo \u2013 s dugogodi\u0161njim iskustvom i globalnom nabavnom mre\u017eom.\",\"publisher\":{\"@id\":\"https:\\\/\\\/simic-company.hr\\\/en\\\/#organization\"},\"potentialAction\":[{\"@type\":\"SearchAction\",\"target\":{\"@type\":\"EntryPoint\",\"urlTemplate\":\"https:\\\/\\\/simic-company.hr\\\/en\\\/?s={search_term_string}\"},\"query-input\":{\"@type\":\"PropertyValueSpecification\",\"valueRequired\":true,\"valueName\":\"search_term_string\"}}],\"inLanguage\":\"en-GB\"},{\"@type\":\"Organization\",\"@id\":\"https:\\\/\\\/simic-company.hr\\\/en\\\/#organization\",\"name\":\"\u0160imi\u0107 Company\",\"url\":\"https:\\\/\\\/simic-company.hr\\\/en\\\/\",\"logo\":{\"@type\":\"ImageObject\",\"inLanguage\":\"en-GB\",\"@id\":\"https:\\\/\\\/simic-company.hr\\\/en\\\/#\\\/schema\\\/logo\\\/image\\\/\",\"url\":\"https:\\\/\\\/simic-company.hr\\\/wp-content\\\/uploads\\\/2025\\\/01\\\/Dizajn-bez-naslova-4-2.png\",\"contentUrl\":\"https:\\\/\\\/simic-company.hr\\\/wp-content\\\/uploads\\\/2025\\\/01\\\/Dizajn-bez-naslova-4-2.png\",\"width\":500,\"height\":153,\"caption\":\"\u0160imi\u0107 Company\"},\"image\":{\"@id\":\"https:\\\/\\\/simic-company.hr\\\/en\\\/#\\\/schema\\\/logo\\\/image\\\/\"}}]}<\/script>\n<!-- \/ Yoast SEO plugin. -->","yoast_head_json":{"title":"Ambala\u017ee i sitni iventar - \u0160imi\u0107 Company","robots":{"index":"index","follow":"follow","max-snippet":"max-snippet:-1","max-image-preview":"max-image-preview:large","max-video-preview":"max-video-preview:-1"},"canonical":"https:\/\/simic-company.hr\/en\/ambalaze-i-sitni-iventar\/","og_locale":"en_GB","og_type":"article","og_title":"Ambala\u017ee i sitni iventar - \u0160imi\u0107 Company","og_url":"https:\/\/simic-company.hr\/en\/ambalaze-i-sitni-iventar\/","og_site_name":"\u0160imi\u0107 Company","twitter_card":"summary_large_image","schema":{"@context":"https:\/\/schema.org","@graph":[{"@type":"WebPage","@id":"https:\/\/simic-company.hr\/ambalaze-i-sitni-iventar\/","url":"https:\/\/simic-company.hr\/ambalaze-i-sitni-iventar\/","name":"Ambala\u017ee i sitni iventar - \u0160imi\u0107 Company","isPartOf":{"@id":"https:\/\/simic-company.hr\/en\/#website"},"datePublished":"2025-04-29T21:48:07+00:00","breadcrumb":{"@id":"https:\/\/simic-company.hr\/ambalaze-i-sitni-iventar\/#breadcrumb"},"inLanguage":"en-GB","potentialAction":[{"@type":"ReadAction","target":["https:\/\/simic-company.hr\/ambalaze-i-sitni-iventar\/"]}]},{"@type":"BreadcrumbList","@id":"https:\/\/simic-company.hr\/ambalaze-i-sitni-iventar\/#breadcrumb","itemListElement":[{"@type":"ListItem","position":1,"name":"Po\u010detna stranica","item":"https:\/\/simic-company.hr\/"},{"@type":"ListItem","position":2,"name":"Ambala\u017ee i sitni iventar"}]},{"@type":"WebSite","@id":"https:\/\/simic-company.hr\/en\/#website","url":"https:\/\/simic-company.hr\/en\/","name":"\u0160imi\u0107 Company","description":"Specijalizirani za distribuciju prehrambenih sirovina i gotovih proizvoda za ugostiteljstvo, slasti\u010darstvo i pekarstvo \u2013 s dugogodi\u0161njim iskustvom i globalnom nabavnom mre\u017eom.","publisher":{"@id":"https:\/\/simic-company.hr\/en\/#organization"},"potentialAction":[{"@type":"SearchAction","target":{"@type":"EntryPoint","urlTemplate":"https:\/\/simic-company.hr\/en\/?s={search_term_string}"},"query-input":{"@type":"PropertyValueSpecification","valueRequired":true,"valueName":"search_term_string"}}],"inLanguage":"en-GB"},{"@type":"Organization","@id":"https:\/\/simic-company.hr\/en\/#organization","name":"\u0160imi\u0107 Company","url":"https:\/\/simic-company.hr\/en\/","logo":{"@type":"ImageObject","inLanguage":"en-GB","@id":"https:\/\/simic-company.hr\/en\/#\/schema\/logo\/image\/","url":"https:\/\/simic-company.hr\/wp-content\/uploads\/2025\/01\/Dizajn-bez-naslova-4-2.png","contentUrl":"https:\/\/simic-company.hr\/wp-content\/uploads\/2025\/01\/Dizajn-bez-naslova-4-2.png","width":500,"height":153,"caption":"\u0160imi\u0107 Company"},"image":{"@id":"https:\/\/simic-company.hr\/en\/#\/schema\/logo\/image\/"}}]}},"_links":{"self":[{"href":"https:\/\/simic-company.hr\/en\/wp-json\/wp\/v2\/pages\/20700","targetHints":{"allow":["GET"]}}],"collection":[{"href":"https:\/\/simic-company.hr\/en\/wp-json\/wp\/v2\/pages"}],"about":[{"href":"https:\/\/simic-company.hr\/en\/wp-json\/wp\/v2\/types\/page"}],"author":[{"embeddable":true,"href":"https:\/\/simic-company.hr\/en\/wp-json\/wp\/v2\/users\/3"}],"replies":[{"embeddable":true,"href":"https:\/\/simic-company.hr\/en\/wp-json\/wp\/v2\/comments?post=20700"}],"version-history":[{"count":1,"href":"https:\/\/simic-company.hr\/en\/wp-json\/wp\/v2\/pages\/20700\/revisions"}],"predecessor-version":[{"id":20702,"href":"https:\/\/simic-company.hr\/en\/wp-json\/wp\/v2\/pages\/20700\/revisions\/20702"}],"wp:attachment":[{"href":"https:\/\/simic-company.hr\/en\/wp-json\/wp\/v2\/media?parent=20700"}],"curies":[{"name":"wp","href":"https:\/\/api.w.org\/{rel}","templated":true}]}}